{"id":41,"date":"2026-02-13T20:24:32","date_gmt":"2026-02-13T20:24:32","guid":{"rendered":"https:\/\/schulprojekt.resonde.de\/?page_id=41"},"modified":"2026-02-13T20:24:32","modified_gmt":"2026-02-13T20:24:32","slug":"ubersicht","status":"publish","type":"page","link":"https:\/\/schulprojekt.resonde.de\/?page_id=41","title":{"rendered":"\u00dcbersicht"},"content":{"rendered":"\n<p>Dies ist quasi das Inhaltsverzeichnis f\u00fcr diese Website. Hier findet man bald alle n\u00f6tigen Resourcen f\u00fcr den eigenen Wetterballonstart<\/p>\n\n\n\n<p><\/p>\n","protected":false},"excerpt":{"rendered":"<p>Dies ist quasi das Inhaltsverzeichnis f\u00fcr diese Website. Hier findet man bald alle n\u00f6tigen Resourcen f\u00fcr den eigenen Wetterballonstart<\/p>\n","protected":false},"author":1,"featured_media":0,"parent":0,"menu_order":0,"comment_status":"closed","ping_status":"closed","template":"","meta":{"footnotes":""},"class_list":["post-41","page","type-page","status-publish","hentry"],"_links":{"self":[{"href":"https:\/\/schulprojekt.resonde.de\/index.php?rest_route=\/wp\/v2\/pages\/41","targetHints":{"allow":["GET"]}}],"collection":[{"href":"https:\/\/schulprojekt.resonde.de\/index.php?rest_route=\/wp\/v2\/pages"}],"about":[{"href":"https:\/\/schulprojekt.resonde.de\/index.php?rest_route=\/wp\/v2\/types\/page"}],"author":[{"embeddable":true,"href":"https:\/\/schulprojekt.resonde.de\/index.php?rest_route=\/wp\/v2\/users\/1"}],"replies":[{"embeddable":true,"href":"https:\/\/schulprojekt.resonde.de\/index.php?rest_route=%2Fwp%2Fv2%2Fcomments&post=41"}],"version-history":[{"count":1,"href":"https:\/\/schulprojekt.resonde.de\/index.php?rest_route=\/wp\/v2\/pages\/41\/revisions"}],"predecessor-version":[{"id":42,"href":"https:\/\/schulprojekt.resonde.de\/index.php?rest_route=\/wp\/v2\/pages\/41\/revisions\/42"}],"wp:attachment":[{"href":"https:\/\/schulprojekt.resonde.de\/index.php?rest_route=%2Fwp%2Fv2%2Fmedia&parent=41"}],"curies":[{"name":"wp","href":"https:\/\/api.w.org\/{rel}","templated":true}]}}